{"id":556,"date":"2020-01-08T14:10:00","date_gmt":"2020-01-08T13:10:00","guid":{"rendered":"https:\/\/hejdu.se\/?page_id=556"},"modified":"2025-12-14T09:38:02","modified_gmt":"2025-12-14T08:38:02","slug":"kontakta","status":"publish","type":"page","link":"https:\/\/hejdu.se\/?page_id=556","title":{"rendered":"Kontakta"},"content":{"rendered":"<p><a href=\"\/\">&lt;&lt; Till f\u00f6rstasidan<\/a><\/p>\n<p>F\u00f6r att kontakta mej, anv\u00e4nd kommentarsf\u00e4ltet nedan. Det kommer inte att publiceras, varken din kommentar, ditt namn eller din e-postadress.<\/p>\n","protected":false},"excerpt":{"rendered":"<p>&lt;&lt; Till f\u00f6rstasidan F\u00f6r att kontakta mej, anv\u00e4nd kommentarsf\u00e4ltet nedan. Det kommer inte att publiceras, varken din kommentar, ditt namn eller din e-postadress.<\/p>\n","protected":false},"author":1,"featured_media":0,"parent":0,"menu_order":0,"comment_status":"open","ping_status":"closed","template":"","meta":{"footnotes":""},"_links":{"self":[{"href":"https:\/\/hejdu.se\/index.php?rest_route=\/wp\/v2\/pages\/556"}],"collection":[{"href":"https:\/\/hejdu.se\/index.php?rest_route=\/wp\/v2\/pages"}],"about":[{"href":"https:\/\/hejdu.se\/index.php?rest_route=\/wp\/v2\/types\/page"}],"author":[{"embeddable":true,"href":"https:\/\/hejdu.se\/index.php?rest_route=\/wp\/v2\/users\/1"}],"replies":[{"embeddable":true,"href":"https:\/\/hejdu.se\/index.php?rest_route=%2Fwp%2Fv2%2Fcomments&post=556"}],"version-history":[{"count":0,"href":"https:\/\/hejdu.se\/index.php?rest_route=\/wp\/v2\/pages\/556\/revisions"}],"wp:attachment":[{"href":"https:\/\/hejdu.se\/index.php?rest_route=%2Fwp%2Fv2%2Fmedia&parent=556"}],"curies":[{"name":"wp","href":"https:\/\/api.w.org\/{rel}","templated":true}]}}